{"id":26242,"date":"2024-08-08T10:52:41","date_gmt":"2024-08-08T07:52:41","guid":{"rendered":"https:\/\/medncare.gr\/product\/uncategorized\/lierac-lift-integral-regenerating-night-cream-rifill-50ml\/"},"modified":"2026-03-09T10:08:14","modified_gmt":"2026-03-09T08:08:14","slug":"lierac-lift-integral-regenerating-night-cream-rifill-50ml","status":"publish","type":"product","link":"https:\/\/medncare.gr\/en\/p\/lierac-lift-integral-regenerating-night-cream-rifill-50ml","title":{"rendered":"Lierac &#8211; Lift Integral Regenerating Night Cream Refill 50ml"},"content":{"rendered":"<p>Lift Integral Night Cream reinforces the skin&#8217;s structure by acting on its essential elements (collagen, elastin, hyaluronic acid), but also on the glycoproteins that connect them. The skin regains firmness, elasticity and bounce, for a complete lifting effect.<br \/>\nThe unctuous and ultra-enveloping texture of La Cr\u00e8me Nuit R\u00e9g\u00e9n\u00e9rante intensely nourishes the skin without an oily finish.<br \/>\nFormulated to suit all skin types, even sensitive.<br \/>\nFor the first time, LIERAC Research decodes the ultimate secret of the structure of the skin. The skin needs collagen, elastin, hyaluronic acid, but not only. At the heart of the new Lift Integral, the StructureLift complex acts on these 3 essential elements, but also on the glycoproteins. Capable of connecting these elements together, they restore the structure of the skin.<br \/>\n&#8211; Rose RNA stimulates the natural synthesis of collagen and its associated glycoprotein, fibronectin. This 100% natural ingredient comes from the Grasse rose, grown without pesticides.<br \/>\n&#8211; Black Tulip stimulates the natural synthesis of elastin and its associated glycoprotein, fibrillin. Resulting from 7 years of research, and patented by Lierac, this Black Tulip extract is 100% natural and comes from Holland.<br \/>\n&#8211; 100% natural-origin low molecular weight Hyaluronic Acid maintains the moisture balance of the skin in the deeper layers of the epidermis thanks to its highly hygroscopic properties and reinitiates the production of endogenous hyaluronic acid.<\/p>\n","protected":false},"excerpt":{"rendered":"<p>Regenerates &#8211; Nourishes &#8211; Smoothes wrinkles<br \/>\nRegenerating night care with an integral lifting effect.<\/p>\n","protected":false},"featured_media":34427,"template":"","meta":{"_acf_changed":false,"inline_featured_image":false},"product_brand":[5387,11307],"product_cat":[8909],"product_tag":[],"class_list":{"0":"post-26242","1":"product","2":"type-product","3":"status-publish","4":"has-post-thumbnail","6":"product_brand-lierac","8":"product_cat-firming","10":"first","11":"outofstock","12":"sale","13":"taxable","14":"shipping-taxable","15":"purchasable","16":"product-type-simple"},"acf":[],"yoast_head":"<!-- This site is optimized with the Yoast SEO plugin v27.1.1 - https:\/\/yoast.com\/product\/yoast-seo-wordpress\/ -->\n<title>Lierac - Lift Integral Regenerating Night Cream Refill 50ml | Online Med&amp;Care<\/title>\n<meta name=\"robots\" content=\"index, follow, max-snippet:-1, max-image-preview:large, max-video-preview:-1\" \/>\n<link rel=\"canonical\" href=\"https:\/\/medncare.gr\/en\/p\/lierac-lift-integral-regenerating-night-cream-rifill-50ml\" \/>\n<meta property=\"og:locale\" content=\"en_US\" \/>\n<meta property=\"og:type\" content=\"article\" \/>\n<meta property=\"og:title\" content=\"Lierac - Lift Integral Regenerating Night Cream Refill 50ml | Online Med&amp;Care\" \/>\n<meta property=\"og:description\" content=\"Regenerates - Nourishes - Smoothes wrinkles Regenerating night care with an integral lifting effect.\" \/>\n<meta property=\"og:url\" content=\"https:\/\/medncare.gr\/en\/p\/lierac-lift-integral-regenerating-night-cream-rifill-50ml\" \/>\n<meta property=\"og:site_name\" content=\"Online Med&amp;Care\" \/>\n<meta property=\"article:modified_time\" content=\"2026-03-09T08:08:14+00:00\" \/>\n<meta property=\"og:image\" content=\"https:\/\/medncare.gr\/wp-content\/uploads\/2024\/06\/og-image-online-farmakeio-medncare.jpg\" \/>\n\t<meta property=\"og:image:width\" content=\"1200\" \/>\n\t<meta property=\"og:image:height\" content=\"630\" \/>\n\t<meta property=\"og:image:type\" content=\"image\/jpeg\" \/>\n<meta name=\"twitter:card\" content=\"summary_large_image\" \/>\n<meta name=\"twitter:label1\" content=\"Est. reading time\" \/>\n\t<meta name=\"twitter:data1\" content=\"1 minute\" \/>\n<script type=\"application\/ld+json\" class=\"yoast-schema-graph\">{\"@context\":\"https:\/\/schema.org\",\"@graph\":[{\"@type\":\"WebPage\",\"@id\":\"https:\/\/medncare.gr\/en\/p\/lierac-lift-integral-regenerating-night-cream-rifill-50ml\",\"url\":\"https:\/\/medncare.gr\/en\/p\/lierac-lift-integral-regenerating-night-cream-rifill-50ml\",\"name\":\"Lierac - Lift Integral Regenerating Night Cream Refill 50ml | Online Med&amp;Care\",\"isPartOf\":{\"@id\":\"https:\/\/medncare.gr\/en#website\"},\"primaryImageOfPage\":{\"@id\":\"https:\/\/medncare.gr\/en\/p\/lierac-lift-integral-regenerating-night-cream-rifill-50ml#primaryimage\"},\"image\":{\"@id\":\"https:\/\/medncare.gr\/en\/p\/lierac-lift-integral-regenerating-night-cream-rifill-50ml#primaryimage\"},\"thumbnailUrl\":\"https:\/\/medncare.gr\/wp-content\/uploads\/2025\/05\/3701436909093-lierac-lift-integral-anadomytiki-krema-nyxtas-antallaktiko.jpg\",\"datePublished\":\"2024-08-08T07:52:41+00:00\",\"dateModified\":\"2026-03-09T08:08:14+00:00\",\"breadcrumb\":{\"@id\":\"https:\/\/medncare.gr\/en\/p\/lierac-lift-integral-regenerating-night-cream-rifill-50ml#breadcrumb\"},\"inLanguage\":\"en-US\",\"potentialAction\":[{\"@type\":\"ReadAction\",\"target\":[\"https:\/\/medncare.gr\/en\/p\/lierac-lift-integral-regenerating-night-cream-rifill-50ml\"]}]},{\"@type\":\"ImageObject\",\"inLanguage\":\"en-US\",\"@id\":\"https:\/\/medncare.gr\/en\/p\/lierac-lift-integral-regenerating-night-cream-rifill-50ml#primaryimage\",\"url\":\"https:\/\/medncare.gr\/wp-content\/uploads\/2025\/05\/3701436909093-lierac-lift-integral-anadomytiki-krema-nyxtas-antallaktiko.jpg\",\"contentUrl\":\"https:\/\/medncare.gr\/wp-content\/uploads\/2025\/05\/3701436909093-lierac-lift-integral-anadomytiki-krema-nyxtas-antallaktiko.jpg\",\"width\":1080,\"height\":1080},{\"@type\":\"BreadcrumbList\",\"@id\":\"https:\/\/medncare.gr\/en\/p\/lierac-lift-integral-regenerating-night-cream-rifill-50ml#breadcrumb\",\"itemListElement\":[{\"@type\":\"ListItem\",\"position\":1,\"name\":\"\u0391\u03c1\u03c7\u03b9\u03ba\u03ae\",\"item\":\"https:\/\/medncare.gr\/en\"},{\"@type\":\"ListItem\",\"position\":2,\"name\":\"Shop\",\"item\":\"https:\/\/medncare.gr\/en\/shop\"},{\"@type\":\"ListItem\",\"position\":3,\"name\":\"Lierac &#8211; Lift Integral Regenerating Night Cream Refill 50ml\"}]},{\"@type\":\"WebSite\",\"@id\":\"https:\/\/medncare.gr\/en#website\",\"url\":\"https:\/\/medncare.gr\/en\",\"name\":\"Online Med&amp;Care\",\"description\":\"\u039f\u03bc\u03bf\u03c1\u03c6\u03b9\u03ac, \u03a5\u03b3\u03b5\u03af\u03b1, \u0394\u03b9\u03b1\u03c4\u03c1\u03bf\u03c6\u03ae\",\"publisher\":{\"@id\":\"https:\/\/medncare.gr\/en#organization\"},\"potentialAction\":[{\"@type\":\"SearchAction\",\"target\":{\"@type\":\"EntryPoint\",\"urlTemplate\":\"https:\/\/medncare.gr\/en?s={search_term_string}\"},\"query-input\":{\"@type\":\"PropertyValueSpecification\",\"valueRequired\":true,\"valueName\":\"search_term_string\"}}],\"inLanguage\":\"en-US\"},{\"@type\":\"Organization\",\"@id\":\"https:\/\/medncare.gr\/en#organization\",\"name\":\"Medncare\",\"url\":\"https:\/\/medncare.gr\/en\",\"logo\":{\"@type\":\"ImageObject\",\"inLanguage\":\"en-US\",\"@id\":\"https:\/\/medncare.gr\/en#\/schema\/logo\/image\/\",\"url\":\"https:\/\/medncare.gr\/wp-content\/uploads\/2022\/07\/OGimage.jpg\",\"contentUrl\":\"https:\/\/medncare.gr\/wp-content\/uploads\/2022\/07\/OGimage.jpg\",\"width\":1200,\"height\":630,\"caption\":\"Medncare\"},\"image\":{\"@id\":\"https:\/\/medncare.gr\/en#\/schema\/logo\/image\/\"}}]}<\/script>\n<!-- \/ Yoast SEO plugin. -->","yoast_head_json":{"title":"Lierac - Lift Integral Regenerating Night Cream Refill 50ml | Online Med&amp;Care","robots":{"index":"index","follow":"follow","max-snippet":"max-snippet:-1","max-image-preview":"max-image-preview:large","max-video-preview":"max-video-preview:-1"},"canonical":"https:\/\/medncare.gr\/en\/p\/lierac-lift-integral-regenerating-night-cream-rifill-50ml","og_locale":"en_US","og_type":"article","og_title":"Lierac - Lift Integral Regenerating Night Cream Refill 50ml | Online Med&amp;Care","og_description":"Regenerates - Nourishes - Smoothes wrinkles Regenerating night care with an integral lifting effect.","og_url":"https:\/\/medncare.gr\/en\/p\/lierac-lift-integral-regenerating-night-cream-rifill-50ml","og_site_name":"Online Med&amp;Care","article_modified_time":"2026-03-09T08:08:14+00:00","og_image":[{"width":1200,"height":630,"url":"https:\/\/medncare.gr\/wp-content\/uploads\/2024\/06\/og-image-online-farmakeio-medncare.jpg","type":"image\/jpeg"}],"twitter_card":"summary_large_image","twitter_misc":{"Est. reading time":"1 minute"},"schema":{"@context":"https:\/\/schema.org","@graph":[{"@type":"WebPage","@id":"https:\/\/medncare.gr\/en\/p\/lierac-lift-integral-regenerating-night-cream-rifill-50ml","url":"https:\/\/medncare.gr\/en\/p\/lierac-lift-integral-regenerating-night-cream-rifill-50ml","name":"Lierac - Lift Integral Regenerating Night Cream Refill 50ml | Online Med&amp;Care","isPartOf":{"@id":"https:\/\/medncare.gr\/en#website"},"primaryImageOfPage":{"@id":"https:\/\/medncare.gr\/en\/p\/lierac-lift-integral-regenerating-night-cream-rifill-50ml#primaryimage"},"image":{"@id":"https:\/\/medncare.gr\/en\/p\/lierac-lift-integral-regenerating-night-cream-rifill-50ml#primaryimage"},"thumbnailUrl":"https:\/\/medncare.gr\/wp-content\/uploads\/2025\/05\/3701436909093-lierac-lift-integral-anadomytiki-krema-nyxtas-antallaktiko.jpg","datePublished":"2024-08-08T07:52:41+00:00","dateModified":"2026-03-09T08:08:14+00:00","breadcrumb":{"@id":"https:\/\/medncare.gr\/en\/p\/lierac-lift-integral-regenerating-night-cream-rifill-50ml#breadcrumb"},"inLanguage":"en-US","potentialAction":[{"@type":"ReadAction","target":["https:\/\/medncare.gr\/en\/p\/lierac-lift-integral-regenerating-night-cream-rifill-50ml"]}]},{"@type":"ImageObject","inLanguage":"en-US","@id":"https:\/\/medncare.gr\/en\/p\/lierac-lift-integral-regenerating-night-cream-rifill-50ml#primaryimage","url":"https:\/\/medncare.gr\/wp-content\/uploads\/2025\/05\/3701436909093-lierac-lift-integral-anadomytiki-krema-nyxtas-antallaktiko.jpg","contentUrl":"https:\/\/medncare.gr\/wp-content\/uploads\/2025\/05\/3701436909093-lierac-lift-integral-anadomytiki-krema-nyxtas-antallaktiko.jpg","width":1080,"height":1080},{"@type":"BreadcrumbList","@id":"https:\/\/medncare.gr\/en\/p\/lierac-lift-integral-regenerating-night-cream-rifill-50ml#breadcrumb","itemListElement":[{"@type":"ListItem","position":1,"name":"\u0391\u03c1\u03c7\u03b9\u03ba\u03ae","item":"https:\/\/medncare.gr\/en"},{"@type":"ListItem","position":2,"name":"Shop","item":"https:\/\/medncare.gr\/en\/shop"},{"@type":"ListItem","position":3,"name":"Lierac &#8211; Lift Integral Regenerating Night Cream Refill 50ml"}]},{"@type":"WebSite","@id":"https:\/\/medncare.gr\/en#website","url":"https:\/\/medncare.gr\/en","name":"Online Med&amp;Care","description":"\u039f\u03bc\u03bf\u03c1\u03c6\u03b9\u03ac, \u03a5\u03b3\u03b5\u03af\u03b1, \u0394\u03b9\u03b1\u03c4\u03c1\u03bf\u03c6\u03ae","publisher":{"@id":"https:\/\/medncare.gr\/en#organization"},"potentialAction":[{"@type":"SearchAction","target":{"@type":"EntryPoint","urlTemplate":"https:\/\/medncare.gr\/en?s={search_term_string}"},"query-input":{"@type":"PropertyValueSpecification","valueRequired":true,"valueName":"search_term_string"}}],"inLanguage":"en-US"},{"@type":"Organization","@id":"https:\/\/medncare.gr\/en#organization","name":"Medncare","url":"https:\/\/medncare.gr\/en","logo":{"@type":"ImageObject","inLanguage":"en-US","@id":"https:\/\/medncare.gr\/en#\/schema\/logo\/image\/","url":"https:\/\/medncare.gr\/wp-content\/uploads\/2022\/07\/OGimage.jpg","contentUrl":"https:\/\/medncare.gr\/wp-content\/uploads\/2022\/07\/OGimage.jpg","width":1200,"height":630,"caption":"Medncare"},"image":{"@id":"https:\/\/medncare.gr\/en#\/schema\/logo\/image\/"}}]}},"meta_box":{"dsgr_ingredients":"AQUA \/ WATER \/ EAU. C15-19 ALKANE. CAPRYLIC\/CAPRIC TRIGLYCERIDE. GLYCERIN. BUTYROSPERMUM PARKII (SHEA) BUTTER. C10-18 TRIGLYCERIDES. GLYCOL PALMITATE. CETEARYL ALCOHOL. BEHENYL ALCOHOL. ROSA CANINA FRUIT OIL. CARBOMER. GLYCERYL STEARATE. JOJOBA ESTERS. GLUCONOLACTONE. BUTYLENE GLYCOL. PARFUM \/ FRAGRANCE. HELIANTHUS ANNUUS (SUNFLOWER) SEED WAX. SODIUM STEAROYL GLUTAMATE. SODIUM BENZOATE. ETHYLHEXYLGLYCERIN. SODIUM HYDROXIDE. HYDROLYZED HYALURONIC ACID. MALTODEXTRIN. TOCOPHEROL. HELIANTHUS ANNUUS (SUNFLOWER) SEED OIL. POLYGLYCERIN-3. CALCIUM GLUCONATE. TULIPA GESNERIANA FLOWER EXTRACT. ROSA CENTIFOLIA FLOWER EXTRACT. CI 77491 \/ IRON OXIDES. SILICA. 4104A.","dsgr_instructions_of_use":"Apply in the evening to the face and neck."},"_links":{"self":[{"href":"https:\/\/medncare.gr\/en\/wp-json\/wp\/v2\/product\/26242","targetHints":{"allow":["GET"]}}],"collection":[{"href":"https:\/\/medncare.gr\/en\/wp-json\/wp\/v2\/product"}],"about":[{"href":"https:\/\/medncare.gr\/en\/wp-json\/wp\/v2\/types\/product"}],"wp:featuredmedia":[{"embeddable":true,"href":"https:\/\/medncare.gr\/en\/wp-json\/wp\/v2\/media\/34427"}],"wp:attachment":[{"href":"https:\/\/medncare.gr\/en\/wp-json\/wp\/v2\/media?parent=26242"}],"wp:term":[{"taxonomy":"product_brand","embeddable":true,"href":"https:\/\/medncare.gr\/en\/wp-json\/wp\/v2\/product_brand?post=26242"},{"taxonomy":"product_cat","embeddable":true,"href":"https:\/\/medncare.gr\/en\/wp-json\/wp\/v2\/product_cat?post=26242"},{"taxonomy":"product_tag","embeddable":true,"href":"https:\/\/medncare.gr\/en\/wp-json\/wp\/v2\/product_tag?post=26242"}],"curies":[{"name":"wp","href":"https:\/\/api.w.org\/{rel}","templated":true}]}}