{"id":26900,"date":"2024-08-08T13:35:24","date_gmt":"2024-08-08T10:35:24","guid":{"rendered":"https:\/\/medncare.gr\/product\/uncategorized\/mustela-vitamin-barrier-cream-1-2-3-creme-pour-le-change-100ml-and-free-vitamin-barrier-cream-1-2-3-creme-50ml\/"},"modified":"2026-03-18T14:49:27","modified_gmt":"2026-03-18T12:49:27","slug":"mustela-vitamin-barrier-cream-1-2-3-creme-pour-le-change-100ml-and-free-vitamin-barrier-cream-1-2-3-creme-50ml","status":"publish","type":"product","link":"https:\/\/medncare.gr\/en\/p\/mustela-vitamin-barrier-cream-1-2-3-creme-pour-le-change-100ml-and-free-vitamin-barrier-cream-1-2-3-creme-50ml","title":{"rendered":"Mustela &#8211; Vitamin Barrier Cream 1-2-3 Cr\u00e8me Pour le Change 100ml and Free Vitamin Barrier Cream 1-2-3 Cr\u00e8me 50ml"},"content":{"rendered":"<p>Mustela &#8211; Vitamin Barrier Cream 1-2-3 Cr\u00e8me Pour le Change 100ml and Free Vitamin Barrier Cream 1-2-3 Cr\u00e8me 50ml<\/p>\n<p>Complete skincare for nappy area:<br \/>\n<strong>PREVENTS<\/strong>\u00a0irritations and redness at each change<br \/>\n<strong>RELIEVES<\/strong>\u00a0from the 1st application<br \/>\n<strong>REPAIRS<\/strong>\u00a0continually<\/p>\n<p><strong>UNEQUALLED EFFECTIVENESS<\/strong><br \/>\nMustela b\u00e9b\u00e9\u2019s new 123 Vitamin barrier cream has been specially formulated to tackle the\u00a0<strong>factors that trigger<\/strong>irritations and redness at their source thanks to a unique combination of patented natural active ingredients, thus guaranteeing three-fold effectiveness:<\/p>\n<p><strong>HIGH TOLERANCE FROM BIRTH ON<\/strong><br \/>\nThe new 123 Vitamin barrier cream has been\u00a0<strong>clinically tested in extreme conditions<\/strong>, so you can safely use it every day. Formulated using\u00a0<strong>98% ingredients of natural origin that are fragrance-free and do not contain preservatives, it guarantees maximum tolerance right from birth*<\/strong>.<\/p>\n<p>To ensure that changing your baby&#8217;s diaper remains an enjoyable moment, Mustela&#8217;s new 123 Vitamin barrier cream<strong>can be applied and rinsed off very easily<\/strong>.<\/p>\n<p>* includes babies newly-discharged from neonatal care.<\/p>\n<p>&nbsp;<\/p>\n<h3>PROVEN EFFICACY:<\/h3>\n<div>\n<div>\n<p><strong>CLINICALLY PROVEN EFFICACY<\/strong><\/p>\n<div>\n<p>100% of the pediatricians and dermatologists polled confirm that the product has preventive properties(1)<\/p>\n<\/div>\n<div>\n<p>Reduced irritation and redness in more than 80% of cases from the 1st day of use(2)<\/p>\n<\/div>\n<div>\n<p>80%lower risk of recurrences (3)<\/p>\n<\/div>\n<p>Clinical tests on (1) 60 babies (clinical assessment) \u2013 (2) 60 babies (self-assessment) \u2013 (3) Recurrence rate calculated on the basis of studies (1) and (2).<\/p>\n<p><strong>A FORMULA THAT IS POPULAR WITH MOTHERS:<\/strong><br \/>\n&#8211; Very easy to apply: 98%<br \/>\n&#8211; Product stays on between changes: 95%<br \/>\n&#8211; Can be completely rinsed off: 92%<br \/>\n&#8211; Pleasant fragrance: 93%<\/p>\n<p>Clinical study carried out under dermatological and pediatric supervision on 120 babies over 4 weeks.<\/p>\n<\/div>\n<\/div>\n","protected":false},"excerpt":{"rendered":"<p>Mustela &#8211; Vitamin Barrier Cream 1-2-3 Cr\u00e8me Pour le Change 100ml and Free Vitamin Barrier Cream 1-2-3 Cr\u00e8me 50ml<\/p>\n","protected":false},"featured_media":26902,"template":"","meta":{"_acf_changed":false,"inline_featured_image":false},"product_brand":[11329],"product_cat":[9149,9799,9795],"product_tag":[],"class_list":{"0":"post-26900","1":"product","2":"type-product","3":"status-publish","4":"has-post-thumbnail","6":"product_brand-mustela","7":"product_cat-diapers-change-irritations","8":"product_cat-kids-gift-sets","9":"product_cat-set-promos-offers","11":"first","12":"outofstock","13":"sale","14":"taxable","15":"shipping-taxable","16":"purchasable","17":"product-type-simple"},"acf":[],"yoast_head":"<!-- This site is optimized with the Yoast SEO plugin v27.5 - https:\/\/yoast.com\/product\/yoast-seo-wordpress\/ -->\n<title>Mustela &#8211; Vitamin Barrier Cream 1-2-3 Cr\u00e8me Pour le Change 100ml and Free Vitamin Barrier Cream 1-2-3 Cr\u00e8me 50ml | Online Med&amp;Care<\/title>\n<meta name=\"robots\" content=\"index, follow, max-snippet:-1, max-image-preview:large, max-video-preview:-1\" \/>\n<link rel=\"canonical\" href=\"https:\/\/medncare.gr\/en\/p\/mustela-vitamin-barrier-cream-1-2-3-creme-pour-le-change-100ml-and-free-vitamin-barrier-cream-1-2-3-creme-50ml\" \/>\n<meta property=\"og:locale\" content=\"en_US\" \/>\n<meta property=\"og:type\" content=\"article\" \/>\n<meta property=\"og:title\" content=\"Mustela &#8211; Vitamin Barrier Cream 1-2-3 Cr\u00e8me Pour le Change 100ml and Free Vitamin Barrier Cream 1-2-3 Cr\u00e8me 50ml | Online Med&amp;Care\" \/>\n<meta property=\"og:description\" content=\"Mustela - Vitamin Barrier Cream 1-2-3 Cr\u00e8me Pour le Change 100ml and Free Vitamin Barrier Cream 1-2-3 Cr\u00e8me 50ml\" \/>\n<meta property=\"og:url\" content=\"https:\/\/medncare.gr\/en\/p\/mustela-vitamin-barrier-cream-1-2-3-creme-pour-le-change-100ml-and-free-vitamin-barrier-cream-1-2-3-creme-50ml\" \/>\n<meta property=\"og:site_name\" content=\"Online Med&amp;Care\" \/>\n<meta property=\"article:modified_time\" content=\"2026-03-18T12:49:27+00:00\" \/>\n<meta property=\"og:image\" content=\"https:\/\/medncare.gr\/wp-content\/uploads\/2024\/08\/5200398523364-3.jpg\" \/>\n\t<meta property=\"og:image:width\" content=\"1080\" \/>\n\t<meta property=\"og:image:height\" content=\"1080\" \/>\n\t<meta property=\"og:image:type\" content=\"image\/jpeg\" \/>\n<meta name=\"twitter:card\" content=\"summary_large_image\" \/>\n<meta name=\"twitter:label1\" content=\"Est. reading time\" \/>\n\t<meta name=\"twitter:data1\" content=\"1 minute\" \/>\n<script type=\"application\/ld+json\" class=\"yoast-schema-graph\">{\"@context\":\"https:\\\/\\\/schema.org\",\"@graph\":[{\"@type\":\"WebPage\",\"@id\":\"https:\\\/\\\/medncare.gr\\\/en\\\/p\\\/mustela-vitamin-barrier-cream-1-2-3-creme-pour-le-change-100ml-and-free-vitamin-barrier-cream-1-2-3-creme-50ml\",\"url\":\"https:\\\/\\\/medncare.gr\\\/en\\\/p\\\/mustela-vitamin-barrier-cream-1-2-3-creme-pour-le-change-100ml-and-free-vitamin-barrier-cream-1-2-3-creme-50ml\",\"name\":\"Mustela &#8211; Vitamin Barrier Cream 1-2-3 Cr\u00e8me Pour le Change 100ml and Free Vitamin Barrier Cream 1-2-3 Cr\u00e8me 50ml | Online Med&amp;Care\",\"isPartOf\":{\"@id\":\"https:\\\/\\\/medncare.gr\\\/en#website\"},\"primaryImageOfPage\":{\"@id\":\"https:\\\/\\\/medncare.gr\\\/en\\\/p\\\/mustela-vitamin-barrier-cream-1-2-3-creme-pour-le-change-100ml-and-free-vitamin-barrier-cream-1-2-3-creme-50ml#primaryimage\"},\"image\":{\"@id\":\"https:\\\/\\\/medncare.gr\\\/en\\\/p\\\/mustela-vitamin-barrier-cream-1-2-3-creme-pour-le-change-100ml-and-free-vitamin-barrier-cream-1-2-3-creme-50ml#primaryimage\"},\"thumbnailUrl\":\"https:\\\/\\\/medncare.gr\\\/wp-content\\\/uploads\\\/2024\\\/08\\\/5200398523364-3.jpg\",\"datePublished\":\"2024-08-08T10:35:24+00:00\",\"dateModified\":\"2026-03-18T12:49:27+00:00\",\"breadcrumb\":{\"@id\":\"https:\\\/\\\/medncare.gr\\\/en\\\/p\\\/mustela-vitamin-barrier-cream-1-2-3-creme-pour-le-change-100ml-and-free-vitamin-barrier-cream-1-2-3-creme-50ml#breadcrumb\"},\"inLanguage\":\"en-US\",\"potentialAction\":[{\"@type\":\"ReadAction\",\"target\":[\"https:\\\/\\\/medncare.gr\\\/en\\\/p\\\/mustela-vitamin-barrier-cream-1-2-3-creme-pour-le-change-100ml-and-free-vitamin-barrier-cream-1-2-3-creme-50ml\"]}]},{\"@type\":\"ImageObject\",\"inLanguage\":\"en-US\",\"@id\":\"https:\\\/\\\/medncare.gr\\\/en\\\/p\\\/mustela-vitamin-barrier-cream-1-2-3-creme-pour-le-change-100ml-and-free-vitamin-barrier-cream-1-2-3-creme-50ml#primaryimage\",\"url\":\"https:\\\/\\\/medncare.gr\\\/wp-content\\\/uploads\\\/2024\\\/08\\\/5200398523364-3.jpg\",\"contentUrl\":\"https:\\\/\\\/medncare.gr\\\/wp-content\\\/uploads\\\/2024\\\/08\\\/5200398523364-3.jpg\",\"width\":1080,\"height\":1080},{\"@type\":\"BreadcrumbList\",\"@id\":\"https:\\\/\\\/medncare.gr\\\/en\\\/p\\\/mustela-vitamin-barrier-cream-1-2-3-creme-pour-le-change-100ml-and-free-vitamin-barrier-cream-1-2-3-creme-50ml#breadcrumb\",\"itemListElement\":[{\"@type\":\"ListItem\",\"position\":1,\"name\":\"\u0391\u03c1\u03c7\u03b9\u03ba\u03ae\",\"item\":\"https:\\\/\\\/medncare.gr\\\/en\"},{\"@type\":\"ListItem\",\"position\":2,\"name\":\"Shop\",\"item\":\"https:\\\/\\\/medncare.gr\\\/en\\\/shop\"},{\"@type\":\"ListItem\",\"position\":3,\"name\":\"Mustela &#8211; Vitamin Barrier Cream 1-2-3 Cr\u00e8me Pour le Change 100ml and Free Vitamin Barrier Cream 1-2-3 Cr\u00e8me 50ml\"}]},{\"@type\":\"WebSite\",\"@id\":\"https:\\\/\\\/medncare.gr\\\/en#website\",\"url\":\"https:\\\/\\\/medncare.gr\\\/en\",\"name\":\"Online Med&amp;Care\",\"description\":\"\u039f\u03bc\u03bf\u03c1\u03c6\u03b9\u03ac, \u03a5\u03b3\u03b5\u03af\u03b1, \u0394\u03b9\u03b1\u03c4\u03c1\u03bf\u03c6\u03ae\",\"publisher\":{\"@id\":\"https:\\\/\\\/medncare.gr\\\/en#organization\"},\"potentialAction\":[{\"@type\":\"SearchAction\",\"target\":{\"@type\":\"EntryPoint\",\"urlTemplate\":\"https:\\\/\\\/medncare.gr\\\/en?s={search_term_string}\"},\"query-input\":{\"@type\":\"PropertyValueSpecification\",\"valueRequired\":true,\"valueName\":\"search_term_string\"}}],\"inLanguage\":\"en-US\"},{\"@type\":\"Organization\",\"@id\":\"https:\\\/\\\/medncare.gr\\\/en#organization\",\"name\":\"Medncare\",\"url\":\"https:\\\/\\\/medncare.gr\\\/en\",\"logo\":{\"@type\":\"ImageObject\",\"inLanguage\":\"en-US\",\"@id\":\"https:\\\/\\\/medncare.gr\\\/en#\\\/schema\\\/logo\\\/image\\\/\",\"url\":\"https:\\\/\\\/medncare.gr\\\/wp-content\\\/uploads\\\/2022\\\/07\\\/OGimage.jpg\",\"contentUrl\":\"https:\\\/\\\/medncare.gr\\\/wp-content\\\/uploads\\\/2022\\\/07\\\/OGimage.jpg\",\"width\":1200,\"height\":630,\"caption\":\"Medncare\"},\"image\":{\"@id\":\"https:\\\/\\\/medncare.gr\\\/en#\\\/schema\\\/logo\\\/image\\\/\"}}]}<\/script>\n<!-- \/ Yoast SEO plugin. -->","yoast_head_json":{"title":"Mustela &#8211; Vitamin Barrier Cream 1-2-3 Cr\u00e8me Pour le Change 100ml and Free Vitamin Barrier Cream 1-2-3 Cr\u00e8me 50ml | Online Med&amp;Care","robots":{"index":"index","follow":"follow","max-snippet":"max-snippet:-1","max-image-preview":"max-image-preview:large","max-video-preview":"max-video-preview:-1"},"canonical":"https:\/\/medncare.gr\/en\/p\/mustela-vitamin-barrier-cream-1-2-3-creme-pour-le-change-100ml-and-free-vitamin-barrier-cream-1-2-3-creme-50ml","og_locale":"en_US","og_type":"article","og_title":"Mustela &#8211; Vitamin Barrier Cream 1-2-3 Cr\u00e8me Pour le Change 100ml and Free Vitamin Barrier Cream 1-2-3 Cr\u00e8me 50ml | Online Med&amp;Care","og_description":"Mustela - Vitamin Barrier Cream 1-2-3 Cr\u00e8me Pour le Change 100ml and Free Vitamin Barrier Cream 1-2-3 Cr\u00e8me 50ml","og_url":"https:\/\/medncare.gr\/en\/p\/mustela-vitamin-barrier-cream-1-2-3-creme-pour-le-change-100ml-and-free-vitamin-barrier-cream-1-2-3-creme-50ml","og_site_name":"Online Med&amp;Care","article_modified_time":"2026-03-18T12:49:27+00:00","og_image":[{"width":1080,"height":1080,"url":"https:\/\/medncare.gr\/wp-content\/uploads\/2024\/08\/5200398523364-3.jpg","type":"image\/jpeg"}],"twitter_card":"summary_large_image","twitter_misc":{"Est. reading time":"1 minute"},"schema":{"@context":"https:\/\/schema.org","@graph":[{"@type":"WebPage","@id":"https:\/\/medncare.gr\/en\/p\/mustela-vitamin-barrier-cream-1-2-3-creme-pour-le-change-100ml-and-free-vitamin-barrier-cream-1-2-3-creme-50ml","url":"https:\/\/medncare.gr\/en\/p\/mustela-vitamin-barrier-cream-1-2-3-creme-pour-le-change-100ml-and-free-vitamin-barrier-cream-1-2-3-creme-50ml","name":"Mustela &#8211; Vitamin Barrier Cream 1-2-3 Cr\u00e8me Pour le Change 100ml and Free Vitamin Barrier Cream 1-2-3 Cr\u00e8me 50ml | Online Med&amp;Care","isPartOf":{"@id":"https:\/\/medncare.gr\/en#website"},"primaryImageOfPage":{"@id":"https:\/\/medncare.gr\/en\/p\/mustela-vitamin-barrier-cream-1-2-3-creme-pour-le-change-100ml-and-free-vitamin-barrier-cream-1-2-3-creme-50ml#primaryimage"},"image":{"@id":"https:\/\/medncare.gr\/en\/p\/mustela-vitamin-barrier-cream-1-2-3-creme-pour-le-change-100ml-and-free-vitamin-barrier-cream-1-2-3-creme-50ml#primaryimage"},"thumbnailUrl":"https:\/\/medncare.gr\/wp-content\/uploads\/2024\/08\/5200398523364-3.jpg","datePublished":"2024-08-08T10:35:24+00:00","dateModified":"2026-03-18T12:49:27+00:00","breadcrumb":{"@id":"https:\/\/medncare.gr\/en\/p\/mustela-vitamin-barrier-cream-1-2-3-creme-pour-le-change-100ml-and-free-vitamin-barrier-cream-1-2-3-creme-50ml#breadcrumb"},"inLanguage":"en-US","potentialAction":[{"@type":"ReadAction","target":["https:\/\/medncare.gr\/en\/p\/mustela-vitamin-barrier-cream-1-2-3-creme-pour-le-change-100ml-and-free-vitamin-barrier-cream-1-2-3-creme-50ml"]}]},{"@type":"ImageObject","inLanguage":"en-US","@id":"https:\/\/medncare.gr\/en\/p\/mustela-vitamin-barrier-cream-1-2-3-creme-pour-le-change-100ml-and-free-vitamin-barrier-cream-1-2-3-creme-50ml#primaryimage","url":"https:\/\/medncare.gr\/wp-content\/uploads\/2024\/08\/5200398523364-3.jpg","contentUrl":"https:\/\/medncare.gr\/wp-content\/uploads\/2024\/08\/5200398523364-3.jpg","width":1080,"height":1080},{"@type":"BreadcrumbList","@id":"https:\/\/medncare.gr\/en\/p\/mustela-vitamin-barrier-cream-1-2-3-creme-pour-le-change-100ml-and-free-vitamin-barrier-cream-1-2-3-creme-50ml#breadcrumb","itemListElement":[{"@type":"ListItem","position":1,"name":"\u0391\u03c1\u03c7\u03b9\u03ba\u03ae","item":"https:\/\/medncare.gr\/en"},{"@type":"ListItem","position":2,"name":"Shop","item":"https:\/\/medncare.gr\/en\/shop"},{"@type":"ListItem","position":3,"name":"Mustela &#8211; Vitamin Barrier Cream 1-2-3 Cr\u00e8me Pour le Change 100ml and Free Vitamin Barrier Cream 1-2-3 Cr\u00e8me 50ml"}]},{"@type":"WebSite","@id":"https:\/\/medncare.gr\/en#website","url":"https:\/\/medncare.gr\/en","name":"Online Med&amp;Care","description":"\u039f\u03bc\u03bf\u03c1\u03c6\u03b9\u03ac, \u03a5\u03b3\u03b5\u03af\u03b1, \u0394\u03b9\u03b1\u03c4\u03c1\u03bf\u03c6\u03ae","publisher":{"@id":"https:\/\/medncare.gr\/en#organization"},"potentialAction":[{"@type":"SearchAction","target":{"@type":"EntryPoint","urlTemplate":"https:\/\/medncare.gr\/en?s={search_term_string}"},"query-input":{"@type":"PropertyValueSpecification","valueRequired":true,"valueName":"search_term_string"}}],"inLanguage":"en-US"},{"@type":"Organization","@id":"https:\/\/medncare.gr\/en#organization","name":"Medncare","url":"https:\/\/medncare.gr\/en","logo":{"@type":"ImageObject","inLanguage":"en-US","@id":"https:\/\/medncare.gr\/en#\/schema\/logo\/image\/","url":"https:\/\/medncare.gr\/wp-content\/uploads\/2022\/07\/OGimage.jpg","contentUrl":"https:\/\/medncare.gr\/wp-content\/uploads\/2022\/07\/OGimage.jpg","width":1200,"height":630,"caption":"Medncare"},"image":{"@id":"https:\/\/medncare.gr\/en#\/schema\/logo\/image\/"}}]}},"meta_box":{"dsgr_ingredients":"","dsgr_instructions_of_use":""},"_links":{"self":[{"href":"https:\/\/medncare.gr\/en\/wp-json\/wp\/v2\/product\/26900","targetHints":{"allow":["GET"]}}],"collection":[{"href":"https:\/\/medncare.gr\/en\/wp-json\/wp\/v2\/product"}],"about":[{"href":"https:\/\/medncare.gr\/en\/wp-json\/wp\/v2\/types\/product"}],"wp:featuredmedia":[{"embeddable":true,"href":"https:\/\/medncare.gr\/en\/wp-json\/wp\/v2\/media\/26902"}],"wp:attachment":[{"href":"https:\/\/medncare.gr\/en\/wp-json\/wp\/v2\/media?parent=26900"}],"wp:term":[{"taxonomy":"product_brand","embeddable":true,"href":"https:\/\/medncare.gr\/en\/wp-json\/wp\/v2\/product_brand?post=26900"},{"taxonomy":"product_cat","embeddable":true,"href":"https:\/\/medncare.gr\/en\/wp-json\/wp\/v2\/product_cat?post=26900"},{"taxonomy":"product_tag","embeddable":true,"href":"https:\/\/medncare.gr\/en\/wp-json\/wp\/v2\/product_tag?post=26900"}],"curies":[{"name":"wp","href":"https:\/\/api.w.org\/{rel}","templated":true}]}}